{"id":274,"date":"2025-12-01T18:18:56","date_gmt":"2025-12-01T18:18:56","guid":{"rendered":"https:\/\/aranchacarmenmoreno.fpcei.eu\/?page_id=274"},"modified":"2025-12-01T18:18:56","modified_gmt":"2025-12-01T18:18:56","slug":"blog-de-belleza-y-tendencias","status":"publish","type":"page","link":"https:\/\/aranchacarmenmoreno.fpcei.eu\/?page_id=274","title":{"rendered":"Blog de Belleza y Tendencias"},"content":{"rendered":"\n<p>Descubre las \u00faltimas novedades del mundo del maquillaje, gu\u00edas pr\u00e1cticas, comparativas y recomendaciones.<\/p>\n\n\n\n<figure class=\"wp-block-image size-large\"><img loading=\"lazy\" decoding=\"async\" width=\"1024\" height=\"667\" src=\"https:\/\/aranchacarmenmoreno.fpcei.eu\/wp-content\/uploads\/2025\/12\/unnamed-3-1024x667.jpg\" alt=\"\" class=\"wp-image-275\" srcset=\"https:\/\/aranchacarmenmoreno.fpcei.eu\/wp-content\/uploads\/2025\/12\/unnamed-3-1024x667.jpg 1024w, https:\/\/aranchacarmenmoreno.fpcei.eu\/wp-content\/uploads\/2025\/12\/unnamed-3-600x391.jpg 600w, https:\/\/aranchacarmenmoreno.fpcei.eu\/wp-content\/uploads\/2025\/12\/unnamed-3-300x195.jpg 300w, https:\/\/aranchacarmenmoreno.fpcei.eu\/wp-content\/uploads\/2025\/12\/unnamed-3-768x500.jpg 768w, https:\/\/aranchacarmenmoreno.fpcei.eu\/wp-content\/uploads\/2025\/12\/unnamed-3.jpg 1290w\" sizes=\"auto, (max-width: 1024px) 100vw, 1024px\" \/><\/figure>\n\n\n<ul style=\"color:#d68f5c; padding-top:0;padding-bottom:0;\" class=\"wp-block-latest-posts__list has-link-color wp-elements-587527bcb695e692bc8c456f7dc7b2c1 wp-block-latest-posts has-text-color has-background has-ast-global-color-4-background-color has-large-font-size\"><li><a class=\"wp-block-latest-posts__post-title\" href=\"https:\/\/aranchacarmenmoreno.fpcei.eu\/?p=443\">LODP<\/a><\/li>\n<li><a class=\"wp-block-latest-posts__post-title\" href=\"https:\/\/aranchacarmenmoreno.fpcei.eu\/?p=199\">Set de maquillaje y skincare perfectos para regalar<\/a><\/li>\n<li><a class=\"wp-block-latest-posts__post-title\" href=\"https:\/\/aranchacarmenmoreno.fpcei.eu\/?p=193\">Nuestras mejores ofertas del mes<\/a><\/li>\n<li><a class=\"wp-block-latest-posts__post-title\" href=\"https:\/\/aranchacarmenmoreno.fpcei.eu\/?p=175\">Productos virales en TikTok<\/a><\/li>\n<li><a class=\"wp-block-latest-posts__post-title\" href=\"https:\/\/aranchacarmenmoreno.fpcei.eu\/?p=112\">\u201cC\u00f3mo hacer una rutina de skincare seg\u00fan tu tipo de piel\u201d<\/a><\/li>\n<\/ul>","protected":false},"excerpt":{"rendered":"<p>Descubre las \u00faltimas novedades del mundo del maquillaje, gu\u00edas pr\u00e1cticas, comparativas y recomendaciones.<\/p>\n","protected":false},"author":2,"featured_media":0,"parent":0,"menu_order":0,"comment_status":"closed","ping_status":"closed","template":"","meta":{"_uag_custom_page_level_css":"","site-sidebar-layout":"default","site-content-layout":"","ast-site-content-layout":"default","site-content-style":"default","site-sidebar-style":"default","ast-global-header-display":"","ast-banner-title-visibility":"","ast-main-header-display":"","ast-hfb-above-header-display":"","ast-hfb-below-header-display":"","ast-hfb-mobile-header-display":"","site-post-title":"","ast-breadcrumbs-content":"","ast-featured-img":"","footer-sml-layout":"","theme-transparent-header-meta":"","adv-header-id-meta":"","stick-header-meta":"","header-above-stick-meta":"","header-main-stick-meta":"","header-below-stick-meta":"","astra-migrate-meta-layouts":"default","ast-page-background-enabled":"default","ast-page-background-meta":{"desktop":{"background-color":"var(--ast-global-color-5)","background-image":"","background-repeat":"repeat","background-position":"center center","background-size":"auto","background-attachment":"scroll","background-type":"","background-media":"","overlay-type":"","overlay-color":"","overlay-opacity":"","overlay-gradient":""},"tablet":{"background-color":"","background-image":"","background-repeat":"repeat","background-position":"center center","background-size":"auto","background-attachment":"scroll","background-type":"","background-media":"","overlay-type":"","overlay-color":"","overlay-opacity":"","overlay-gradient":""},"mobile":{"background-color":"","background-image":"","background-repeat":"repeat","background-position":"center center","background-size":"auto","background-attachment":"scroll","background-type":"","background-media":"","overlay-type":"","overlay-color":"","overlay-opacity":"","overlay-gradient":""}},"ast-content-background-meta":{"desktop":{"background-color":"var(--ast-global-color-4)","background-image":"","background-repeat":"repeat","background-position":"center center","background-size":"auto","background-attachment":"scroll","background-type":"","background-media":"","overlay-type":"","overlay-color":"","overlay-opacity":"","overlay-gradient":""},"tablet":{"background-color":"var(--ast-global-color-4)","background-image":"","background-repeat":"repeat","background-position":"center center","background-size":"auto","background-attachment":"scroll","background-type":"","background-media":"","overlay-type":"","overlay-color":"","overlay-opacity":"","overlay-gradient":""},"mobile":{"background-color":"var(--ast-global-color-4)","background-image":"","background-repeat":"repeat","background-position":"center center","background-size":"auto","background-attachment":"scroll","background-type":"","background-media":"","overlay-type":"","overlay-color":"","overlay-opacity":"","overlay-gradient":""}},"footnotes":""},"class_list":["post-274","page","type-page","status-publish","hentry"],"uagb_featured_image_src":{"full":false,"thumbnail":false,"medium":false,"medium_large":false,"large":false,"1536x1536":false,"2048x2048":false,"woocommerce_thumbnail":false,"woocommerce_single":false,"woocommerce_gallery_thumbnail":false},"uagb_author_info":{"display_name":"admin","author_link":"https:\/\/aranchacarmenmoreno.fpcei.eu\/?author=2"},"uagb_comment_info":0,"uagb_excerpt":"Descubre las \u00faltimas novedades del mundo del maquillaje, gu\u00edas pr\u00e1cticas, comparativas y recomendaciones.","jetpack_sharing_enabled":true,"_links":{"self":[{"href":"https:\/\/aranchacarmenmoreno.fpcei.eu\/index.php?rest_route=\/wp\/v2\/pages\/274","targetHints":{"allow":["GET"]}}],"collection":[{"href":"https:\/\/aranchacarmenmoreno.fpcei.eu\/index.php?rest_route=\/wp\/v2\/pages"}],"about":[{"href":"https:\/\/aranchacarmenmoreno.fpcei.eu\/index.php?rest_route=\/wp\/v2\/types\/page"}],"author":[{"embeddable":true,"href":"https:\/\/aranchacarmenmoreno.fpcei.eu\/index.php?rest_route=\/wp\/v2\/users\/2"}],"replies":[{"embeddable":true,"href":"https:\/\/aranchacarmenmoreno.fpcei.eu\/index.php?rest_route=%2Fwp%2Fv2%2Fcomments&post=274"}],"version-history":[{"count":1,"href":"https:\/\/aranchacarmenmoreno.fpcei.eu\/index.php?rest_route=\/wp\/v2\/pages\/274\/revisions"}],"predecessor-version":[{"id":276,"href":"https:\/\/aranchacarmenmoreno.fpcei.eu\/index.php?rest_route=\/wp\/v2\/pages\/274\/revisions\/276"}],"wp:attachment":[{"href":"https:\/\/aranchacarmenmoreno.fpcei.eu\/index.php?rest_route=%2Fwp%2Fv2%2Fmedia&parent=274"}],"curies":[{"name":"wp","href":"https:\/\/api.w.org\/{rel}","templated":true}]}}